{"id":75,"date":"2024-04-06T15:46:11","date_gmt":"2024-04-06T13:46:11","guid":{"rendered":"https:\/\/solidaritegenerositeaines8.wordpress.com\/?page_id=75"},"modified":"2025-11-13T18:45:39","modified_gmt":"2025-11-13T18:45:39","slug":"equipe","status":"publish","type":"page","link":"https:\/\/solidaritegenerositeainesalbertivillariens.com\/index.php\/equipe\/","title":{"rendered":"Equipe"},"content":{"rendered":"\n<div class=\"wp-block-group alignfull has-global-padding is-content-justification-center is-layout-constrained wp-container-core-group-is-layout-df757ecc wp-block-group-is-layout-constrained\" style=\"margin-top:0;margin-bottom:0;padding-top:calc( 0.5 * var(--wp--style--root--padding-right, var(--wp--custom--gap--horizontal)));padding-right:var(--wp--style--root--padding-right, var(--wp--custom--gap--horizontal));padding-bottom:calc( 0.5 * var(--wp--style--root--padding-right, var(--wp--custom--gap--horizontal)));padding-left:var(--wp--style--root--padding-left, var(--wp--custom--gap--horizontal))\">\n<div style=\"height:var(--wp--preset--spacing--20)\" aria-hidden=\"true\" class=\"wp-block-spacer\"><\/div>\n\n\n\n<h2 class=\"wp-block-heading alignwide has-xx-large-font-size\">Il y a actuellement 4 personnes qui g\u00e8rent l&rsquo;association :<\/h2>\n\n\n\n<div style=\"height:var(--wp--preset--spacing--20)\" aria-hidden=\"true\" class=\"wp-block-spacer\"><\/div>\n<\/div>\n\n\n\n<div class=\"wp-block-group alignfull has-global-padding is-content-justification-center is-layout-constrained wp-container-core-group-is-layout-df757ecc wp-block-group-is-layout-constrained\" style=\"margin-top:0;margin-bottom:0;padding-top:calc( 0.5 * var(--wp--style--root--padding-right, var(--wp--custom--gap--horizontal)));padding-right:var(--wp--style--root--padding-right, var(--wp--custom--gap--horizontal));padding-bottom:calc( 0.5 * var(--wp--style--root--padding-right, var(--wp--custom--gap--horizontal)));padding-left:var(--wp--style--root--padding-left, var(--wp--custom--gap--horizontal))\">\n<div style=\"height:var(--wp--preset--spacing--10)\" aria-hidden=\"true\" class=\"wp-block-spacer\"><\/div>\n\n\n\n<div class=\"wp-block-columns alignwide is-layout-flex wp-container-core-columns-is-layout-d0846407 wp-block-columns-is-layout-flex\">\n<div class=\"wp-block-column is-layout-flow wp-block-column-is-layout-flow\">\n<h3 class=\"wp-block-heading has-medium-font-size\">Pr\u00e9sidente<\/h3>\n\n\n\n<div class=\"wp-block-group has-global-padding is-layout-constrained wp-block-group-is-layout-constrained\" style=\"padding-bottom:4px\">\n<figure class=\"wp-block-image size-large\"><img loading=\"lazy\" decoding=\"async\" width=\"1024\" height=\"747\" src=\"https:\/\/solidaritegenerositeainesalbertivillariens.com\/wp-content\/uploads\/2025\/11\/lydia-1024x747.png\" alt=\"\" class=\"wp-image-224\" style=\"aspect-ratio:3\/4;object-fit:cover\" srcset=\"https:\/\/solidaritegenerositeainesalbertivillariens.com\/wp-content\/uploads\/2025\/11\/lydia-1024x747.png 1024w, https:\/\/solidaritegenerositeainesalbertivillariens.com\/wp-content\/uploads\/2025\/11\/lydia-300x219.png 300w, https:\/\/solidaritegenerositeainesalbertivillariens.com\/wp-content\/uploads\/2025\/11\/lydia-768x560.png 768w, https:\/\/solidaritegenerositeainesalbertivillariens.com\/wp-content\/uploads\/2025\/11\/lydia.png 1184w\" sizes=\"auto, (max-width: 1024px) 100vw, 1024px\" \/><\/figure>\n<\/div>\n\n\n\n<p>Mme HADJAZI Lydia <\/p>\n<\/div>\n\n\n\n<div class=\"wp-block-column is-layout-flow wp-block-column-is-layout-flow\">\n<h2 class=\"wp-block-heading has-medium-font-size\">Vice-Pr\u00e9sidente<\/h2>\n\n\n\n<figure class=\"wp-block-image size-large\"><img loading=\"lazy\" decoding=\"async\" width=\"717\" height=\"1024\" src=\"https:\/\/solidaritegenerositeainesalbertivillariens.com\/wp-content\/uploads\/2025\/11\/20251113_193820-2-717x1024.jpg\" alt=\"\" class=\"wp-image-229\" srcset=\"https:\/\/solidaritegenerositeainesalbertivillariens.com\/wp-content\/uploads\/2025\/11\/20251113_193820-2-717x1024.jpg 717w, https:\/\/solidaritegenerositeainesalbertivillariens.com\/wp-content\/uploads\/2025\/11\/20251113_193820-2-210x300.jpg 210w, https:\/\/solidaritegenerositeainesalbertivillariens.com\/wp-content\/uploads\/2025\/11\/20251113_193820-2-768x1097.jpg 768w, https:\/\/solidaritegenerositeainesalbertivillariens.com\/wp-content\/uploads\/2025\/11\/20251113_193820-2-1075x1536.jpg 1075w, https:\/\/solidaritegenerositeainesalbertivillariens.com\/wp-content\/uploads\/2025\/11\/20251113_193820-2-1434x2048.jpg 1434w, https:\/\/solidaritegenerositeainesalbertivillariens.com\/wp-content\/uploads\/2025\/11\/20251113_193820-2-scaled.jpg 1792w\" sizes=\"auto, (max-width: 717px) 100vw, 717px\" \/><\/figure>\n\n\n\n<p>Mme GRILLOT Maryse<\/p>\n<\/div>\n\n\n\n<div class=\"wp-block-column is-layout-flow wp-block-column-is-layout-flow\">\n<h3 class=\"wp-block-heading has-medium-font-size\">Tr\u00e9sorier <\/h3>\n\n\n\n<div class=\"wp-block-group has-global-padding is-layout-constrained wp-block-group-is-layout-constrained\" style=\"padding-bottom:4px\">\n<figure class=\"wp-block-image size-large\"><img loading=\"lazy\" decoding=\"async\" width=\"1024\" height=\"747\" src=\"https:\/\/solidaritegenerositeainesalbertivillariens.com\/wp-content\/uploads\/2025\/11\/timothy-1024x747.png\" alt=\"\" class=\"wp-image-225\" style=\"aspect-ratio:3\/4;object-fit:cover\" srcset=\"https:\/\/solidaritegenerositeainesalbertivillariens.com\/wp-content\/uploads\/2025\/11\/timothy-1024x747.png 1024w, https:\/\/solidaritegenerositeainesalbertivillariens.com\/wp-content\/uploads\/2025\/11\/timothy-300x219.png 300w, https:\/\/solidaritegenerositeainesalbertivillariens.com\/wp-content\/uploads\/2025\/11\/timothy-768x560.png 768w, https:\/\/solidaritegenerositeainesalbertivillariens.com\/wp-content\/uploads\/2025\/11\/timothy.png 1184w\" sizes=\"auto, (max-width: 1024px) 100vw, 1024px\" \/><\/figure>\n<\/div>\n\n\n\n<p>Mr HADJAZI Timothy<\/p>\n<\/div>\n\n\n\n<div class=\"wp-block-column is-layout-flow wp-block-column-is-layout-flow\">\n<h3 class=\"wp-block-heading has-medium-font-size\">Secr\u00e9taire <\/h3>\n\n\n\n<div class=\"wp-block-group has-global-padding is-layout-constrained wp-block-group-is-layout-constrained\" style=\"padding-bottom:4px\">\n<figure class=\"wp-block-image size-large\"><img loading=\"lazy\" decoding=\"async\" width=\"1024\" height=\"747\" src=\"https:\/\/solidaritegenerositeainesalbertivillariens.com\/wp-content\/uploads\/2025\/11\/sophie-1024x747.png\" alt=\"\" class=\"wp-image-226\" style=\"aspect-ratio:3\/4;object-fit:cover\" srcset=\"https:\/\/solidaritegenerositeainesalbertivillariens.com\/wp-content\/uploads\/2025\/11\/sophie-1024x747.png 1024w, https:\/\/solidaritegenerositeainesalbertivillariens.com\/wp-content\/uploads\/2025\/11\/sophie-300x219.png 300w, https:\/\/solidaritegenerositeainesalbertivillariens.com\/wp-content\/uploads\/2025\/11\/sophie-768x560.png 768w, https:\/\/solidaritegenerositeainesalbertivillariens.com\/wp-content\/uploads\/2025\/11\/sophie.png 1184w\" sizes=\"auto, (max-width: 1024px) 100vw, 1024px\" \/><\/figure>\n<\/div>\n\n\n\n<p>Mme RODANGE Sophie <\/p>\n<\/div>\n<\/div>\n\n\n\n<div style=\"height:var(--wp--preset--spacing--10)\" aria-hidden=\"true\" class=\"wp-block-spacer\"><\/div>\n<\/div>\n\n\n\n<p><\/p>\n\n\n\n<p><\/p>\n","protected":false},"excerpt":{"rendered":"<p>Il y a actuellement 4 personnes qui g\u00e8rent l&rsquo;association : Pr\u00e9sidente Mme HADJAZI Lydia Vice-Pr\u00e9sidente Mme GRILLOT Maryse Tr\u00e9sorier Mr HADJAZI Timothy Secr\u00e9taire Mme RODANGE Sophie<\/p>\n","protected":false},"author":1,"featured_media":0,"parent":0,"menu_order":0,"comment_status":"closed","ping_status":"closed","template":"","meta":{"footnotes":""},"class_list":["post-75","page","type-page","status-publish","hentry"],"jetpack_sharing_enabled":true,"_links":{"self":[{"href":"https:\/\/solidaritegenerositeainesalbertivillariens.com\/index.php\/wp-json\/wp\/v2\/pages\/75","targetHints":{"allow":["GET"]}}],"collection":[{"href":"https:\/\/solidaritegenerositeainesalbertivillariens.com\/index.php\/wp-json\/wp\/v2\/pages"}],"about":[{"href":"https:\/\/solidaritegenerositeainesalbertivillariens.com\/index.php\/wp-json\/wp\/v2\/types\/page"}],"author":[{"embeddable":true,"href":"https:\/\/solidaritegenerositeainesalbertivillariens.com\/index.php\/wp-json\/wp\/v2\/users\/1"}],"replies":[{"embeddable":true,"href":"https:\/\/solidaritegenerositeainesalbertivillariens.com\/index.php\/wp-json\/wp\/v2\/comments?post=75"}],"version-history":[{"count":3,"href":"https:\/\/solidaritegenerositeainesalbertivillariens.com\/index.php\/wp-json\/wp\/v2\/pages\/75\/revisions"}],"predecessor-version":[{"id":232,"href":"https:\/\/solidaritegenerositeainesalbertivillariens.com\/index.php\/wp-json\/wp\/v2\/pages\/75\/revisions\/232"}],"wp:attachment":[{"href":"https:\/\/solidaritegenerositeainesalbertivillariens.com\/index.php\/wp-json\/wp\/v2\/media?parent=75"}],"curies":[{"name":"wp","href":"https:\/\/api.w.org\/{rel}","templated":true}]}}